{"id":96,"date":"2023-09-18T14:02:29","date_gmt":"2023-09-18T12:02:29","guid":{"rendered":"https:\/\/htkalk.com\/passwort-andern\/"},"modified":"2024-10-01T10:17:56","modified_gmt":"2024-10-01T08:17:56","slug":"changer-le-mot-de-passe","status":"publish","type":"page","link":"https:\/\/htkalk.com\/fr\/changer-le-mot-de-passe\/","title":{"rendered":"Changer le mot de passe"},"content":{"rendered":"<div id=\"\" class=\"ow_container_section  content_80_80\">\n    <div class=\"container\">\n        <div class=\"content\">\n            \n\n<div class=\"wp-block-group ow_form is-layout-constrained wp-block-group-is-layout-constrained\"><div class=\"wp-block-group__inner-container\">\n\n\n<script type=\"text\/javascript\">var gform;gform||(document.addEventListener(\"gform_main_scripts_loaded\",function(){gform.scriptsLoaded=!0}),window.addEventListener(\"DOMContentLoaded\",function(){gform.domLoaded=!0}),gform={domLoaded:!1,scriptsLoaded:!1,initializeOnLoaded:function(o){gform.domLoaded&&gform.scriptsLoaded?o():!gform.domLoaded&&gform.scriptsLoaded?window.addEventListener(\"DOMContentLoaded\",o):document.addEventListener(\"gform_main_scripts_loaded\",o)},hooks:{action:{},filter:{}},addAction:function(o,n,r,t){gform.addHook(\"action\",o,n,r,t)},addFilter:function(o,n,r,t){gform.addHook(\"filter\",o,n,r,t)},doAction:function(o){gform.doHook(\"action\",o,arguments)},applyFilters:function(o){return gform.doHook(\"filter\",o,arguments)},removeAction:function(o,n){gform.removeHook(\"action\",o,n)},removeFilter:function(o,n,r){gform.removeHook(\"filter\",o,n,r)},addHook:function(o,n,r,t,i){null==gform.hooks[o][n]&&(gform.hooks[o][n]=[]);var e=gform.hooks[o][n];null==i&&(i=n+\"_\"+e.length),gform.hooks[o][n].push({tag:i,callable:r,priority:t=null==t?10:t})},doHook:function(n,o,r){var t;if(r=Array.prototype.slice.call(r,1),null!=gform.hooks[n][o]&&((o=gform.hooks[n][o]).sort(function(o,n){return o.priority-n.priority}),o.forEach(function(o){\"function\"!=typeof(t=o.callable)&&(t=window[t]),\"action\"==n?t.apply(null,r):r[0]=t.apply(null,r)})),\"filter\"==n)return r[0]},removeHook:function(o,n,t,i){var r;null!=gform.hooks[o][n]&&(r=(r=gform.hooks[o][n]).filter(function(o,n,r){return!!(null!=i&&i!=o.tag||null!=t&&t!=o.priority)}),gform.hooks[o][n]=r)}});<\/script>\n                <div class='gf_browser_gecko gform_wrapper gravity-theme gform-theme--no-framework mt40_wrapper' data-form-theme='gravity-theme' data-form-index='0' id='gform_wrapper_6' ><div id='gf_6' class='gform_anchor' tabindex='-1'><\/div>\n                        <div class='gform_heading'>\n                            <p class='gform_description'>Avez-vous oubli\u00e9 votre mot de passe ? Entrez votre adresse e-mail ci-dessous et vous recevrez un code de v\u00e9rification pour r\u00e9initialiser votre mot de passe.<\/p>\n                        <\/div><form method='post' enctype='multipart\/form-data' target='gform_ajax_frame_6' id='gform_6' class='mt40' action='\/fr\/wp-json\/wp\/v2\/pages\/96#gf_6' data-formid='6' novalidate>\n                        <div class='gform-body gform_body'><div id='gform_fields_6' class='gform_fields top_label form_sublabel_below description_below'><div id=\"field_6_1\"  class=\"gfield gfield--type-email gfield_contains_required field_sublabel_below gfield--no-description field_description_below hidden_label gfield_visibility_visible\"  data-js-reload=\"field_6_1\"><label class='gfield_label gform-field-label' for='input_6_1' >Adresse e-mail<span class=\"gfield_required\"><span class=\"gfield_required gfield_required_text\">(Required)<\/span><\/span><\/label><div class='ginput_container ginput_container_email'>\n                            <input name='input_1' id='input_6_1' type='email' value='' class='large'   placeholder='Adresse e-mail*' aria-required=\"true\" aria-invalid=\"false\"  \/>\n                        <\/div><\/div><div id=\"field_6_2\"  class=\"gfield gfield--type-honeypot gform_validation_container field_sublabel_below gfield--has-description field_description_below gfield_visibility_visible\"  data-js-reload=\"field_6_2\"><label class='gfield_label gform-field-label' for='input_6_2' >Name<\/label><div class='ginput_container'><input name='input_2' id='input_6_2' type='text' value='' autocomplete='new-password'\/><\/div><div class='gfield_description' id='gfield_description_6_2'>This field is for validation purposes and should be left unchanged.<\/div><\/div><\/div><\/div>\n        <div class='gform_footer top_label'> <input type='submit' id='gform_submit_button_6' class='gform_button button' value='Envoyer'  onclick='if(window[\"gf_submitting_6\"]){return false;}  if( !jQuery(\"#gform_6\")[0].checkValidity || jQuery(\"#gform_6\")[0].checkValidity()){window[\"gf_submitting_6\"]=true;}  ' onkeypress='if( event.keyCode == 13 ){ if(window[\"gf_submitting_6\"]){return false;} if( !jQuery(\"#gform_6\")[0].checkValidity || jQuery(\"#gform_6\")[0].checkValidity()){window[\"gf_submitting_6\"]=true;}  jQuery(\"#gform_6\").trigger(\"submit\",[true]); }' \/> <input type='hidden' name='gform_ajax' value='form_id=6&amp;title=&amp;description=1&amp;tabindex=0' \/>\n            <input type='hidden' class='gform_hidden' name='is_submit_6' value='1' \/>\n            <input type='hidden' class='gform_hidden' name='gform_submit' value='6' \/>\n            \n            <input type='hidden' class='gform_hidden' name='gform_unique_id' value='' \/>\n            <input type='hidden' class='gform_hidden' name='state_6' value='WyJbXSIsImMwMzY2NmM1MWUwYTE5NDAwY2Y2ZWY3ZmYyZjNiNmI4Il0=' \/>\n            <input type='hidden' class='gform_hidden' name='gform_target_page_number_6' id='gform_target_page_number_6' value='0' \/>\n            <input type='hidden' class='gform_hidden' name='gform_source_page_number_6' id='gform_source_page_number_6' value='1' \/>\n            <input type='hidden' name='gform_field_values' value='' \/>\n            \n        <\/div>\n                        <\/form>\n                        <\/div>\n\t\t                <iframe style='display:none;width:0px;height:0px;' src='about:blank' name='gform_ajax_frame_6' id='gform_ajax_frame_6' title='This iframe contains the logic required to handle Ajax powered Gravity Forms.'><\/iframe>\n\t\t                <script type=\"text\/javascript\">\ngform.initializeOnLoaded( function() {gformInitSpinner( 6, 'https:\/\/htkalk.com\/app\/plugins\/gravityforms\/images\/spinner.svg', true );jQuery('#gform_ajax_frame_6').on('load',function(){var contents = jQuery(this).contents().find('*').html();var is_postback = contents.indexOf('GF_AJAX_POSTBACK') >= 0;if(!is_postback){return;}var form_content = jQuery(this).contents().find('#gform_wrapper_6');var is_confirmation = jQuery(this).contents().find('#gform_confirmation_wrapper_6').length > 0;var is_redirect = contents.indexOf('gformRedirect(){') >= 0;var is_form = form_content.length > 0 && ! is_redirect && ! is_confirmation;var mt = parseInt(jQuery('html').css('margin-top'), 10) + parseInt(jQuery('body').css('margin-top'), 10) + 100;if(is_form){jQuery('#gform_wrapper_6').html(form_content.html());if(form_content.hasClass('gform_validation_error')){jQuery('#gform_wrapper_6').addClass('gform_validation_error');} else {jQuery('#gform_wrapper_6').removeClass('gform_validation_error');}setTimeout( function() { \/* delay the scroll by 50 milliseconds to fix a bug in chrome *\/ jQuery(document).scrollTop(jQuery('#gform_wrapper_6').offset().top - mt); }, 50 );if(window['gformInitDatepicker']) {gformInitDatepicker();}if(window['gformInitPriceFields']) {gformInitPriceFields();}var current_page = jQuery('#gform_source_page_number_6').val();gformInitSpinner( 6, 'https:\/\/htkalk.com\/app\/plugins\/gravityforms\/images\/spinner.svg', true );jQuery(document).trigger('gform_page_loaded', [6, current_page]);window['gf_submitting_6'] = false;}else if(!is_redirect){var confirmation_content = jQuery(this).contents().find('.GF_AJAX_POSTBACK').html();if(!confirmation_content){confirmation_content = contents;}setTimeout(function(){jQuery('#gform_wrapper_6').replaceWith(confirmation_content);jQuery(document).scrollTop(jQuery('#gf_6').offset().top - mt);jQuery(document).trigger('gform_confirmation_loaded', [6]);window['gf_submitting_6'] = false;wp.a11y.speak(jQuery('#gform_confirmation_message_6').text());}, 50);}else{jQuery('#gform_6').append(contents);if(window['gformRedirect']) {gformRedirect();}}jQuery(document).trigger('gform_post_render', [6, current_page]);gform.utils.trigger({ event: 'gform\/postRender', native: false, data: { formId: 6, currentPage: current_page } });} );} );\n<\/script>\n\n\n\n<p class=\"undefined mt40 mb0\">Retour \u00e0 la page de <a href=\"https:\/\/www.htkalk.com\/fr\" data-type=\"link\" data-id=\"https:\/\/www.htkalk.com\/fr\">connexion<\/a>.<\/p>\n<\/div><\/div>\n\n\n        <\/div>\n    <\/div>\n<\/div>","protected":false},"excerpt":{"rendered":"","protected":false},"author":1,"featured_media":0,"parent":0,"menu_order":0,"comment_status":"closed","ping_status":"closed","template":"","meta":{"footnotes":""},"acf":[],"_links":{"self":[{"href":"https:\/\/htkalk.com\/fr\/wp-json\/wp\/v2\/pages\/96"}],"collection":[{"href":"https:\/\/htkalk.com\/fr\/wp-json\/wp\/v2\/pages"}],"about":[{"href":"https:\/\/htkalk.com\/fr\/wp-json\/wp\/v2\/types\/page"}],"author":[{"embeddable":true,"href":"https:\/\/htkalk.com\/fr\/wp-json\/wp\/v2\/users\/1"}],"replies":[{"embeddable":true,"href":"https:\/\/htkalk.com\/fr\/wp-json\/wp\/v2\/comments?post=96"}],"version-history":[{"count":1,"href":"https:\/\/htkalk.com\/fr\/wp-json\/wp\/v2\/pages\/96\/revisions"}],"predecessor-version":[{"id":104,"href":"https:\/\/htkalk.com\/fr\/wp-json\/wp\/v2\/pages\/96\/revisions\/104"}],"wp:attachment":[{"href":"https:\/\/htkalk.com\/fr\/wp-json\/wp\/v2\/media?parent=96"}],"curies":[{"name":"wp","href":"https:\/\/api.w.org\/{rel}","templated":true}]}}